{"id":267,"date":"2009-04-24T20:52:21","date_gmt":"2009-04-24T19:52:21","guid":{"rendered":"http:\/\/www.ambrra.cz\/?page_id=267"},"modified":"2009-06-12T20:49:54","modified_gmt":"2009-06-12T19:49:54","slug":"posledni-volni-pejsci","status":"publish","type":"page","link":"http:\/\/www.ambrra.cz\/?page_id=267","title":{"rendered":"Posledn\u00ed voln\u00ed pejsci"},"content":{"rendered":"<p>V\u0161ichni u\u017e maj\u00ed p\u00e1n\u00ed\u010dky. Te\u010f m\u00e1me zase jen Ambrru \ud83d\ude42 Dal\u0161\u00ed vrh prozat\u00edm nepl\u00e1nujeme.<\/p>\n<p><strong>Aeneas<\/strong><\/p>\n<p><strong><!-- index.php -->\n<div\n\tclass=\"ngg-galleryoverview ngg-ajax-pagination-none\"\n\tid=\"ngg-gallery-34c6beac452b384e1efc12cd888c1413-1\">\n\n    \t<div class=\"slideshowlink\">\n        <a href='http:\/\/www.ambrra.cz\/index.php\/nggallery\/slideshow?page_id=267'>[Show as slideshow]<\/a>\n\t\t\n\t<\/div>\n\t\t\t<!-- Thumbnails -->\n\t\t\t\t<div id=\"ngg-image-0\" class=\"ngg-gallery-thumbnail-box\" >\n\t\t\t\t        <div class=\"ngg-gallery-thumbnail\">\n            <a href=\"http:\/\/www.ambrra.cz\/wp-content\/gallery\/aeneas-konec-dubna\/img_8324.jpg\"\n               title=\"\"\n               data-src=\"http:\/\/www.ambrra.cz\/wp-content\/gallery\/aeneas-konec-dubna\/img_8324.jpg\"\n               data-thumbnail=\"http:\/\/www.ambrra.cz\/wp-content\/gallery\/aeneas-konec-dubna\/thumbs\/thumbs_img_8324.jpg\"\n               data-image-id=\"103\"\n               data-title=\"img_8324.jpg\"\n               data-description=\"\"\n               data-image-slug=\"img_8324-jpg\"\n               class=\"ngg-simplelightbox\" rel=\"34c6beac452b384e1efc12cd888c1413\">\n                <img\n                    title=\"img_8324.jpg\"\n                    alt=\"img_8324.jpg\"\n                    src=\"http:\/\/www.ambrra.cz\/wp-content\/gallery\/aeneas-konec-dubna\/thumbs\/thumbs_img_8324.jpg\"\n                    width=\"100\"\n                    height=\"75\"\n                    style=\"max-width:100%;\"\n                \/>\n            <\/a>\n        <\/div>\n\t\t\t\t\t\t\t<\/div> \n\t\t\t\n        \n\t\t\t\t<div id=\"ngg-image-1\" class=\"ngg-gallery-thumbnail-box\" >\n\t\t\t\t        <div class=\"ngg-gallery-thumbnail\">\n            <a href=\"http:\/\/www.ambrra.cz\/wp-content\/gallery\/aeneas-konec-dubna\/img_8338.jpg\"\n               title=\"\"\n               data-src=\"http:\/\/www.ambrra.cz\/wp-content\/gallery\/aeneas-konec-dubna\/img_8338.jpg\"\n               data-thumbnail=\"http:\/\/www.ambrra.cz\/wp-content\/gallery\/aeneas-konec-dubna\/thumbs\/thumbs_img_8338.jpg\"\n               data-image-id=\"106\"\n               data-title=\"img_8338.jpg\"\n               data-description=\"\"\n               data-image-slug=\"img_8338-jpg\"\n               class=\"ngg-simplelightbox\" rel=\"34c6beac452b384e1efc12cd888c1413\">\n                <img\n                    title=\"img_8338.jpg\"\n                    alt=\"img_8338.jpg\"\n                    src=\"http:\/\/www.ambrra.cz\/wp-content\/gallery\/aeneas-konec-dubna\/thumbs\/thumbs_img_8338.jpg\"\n                    width=\"100\"\n                    height=\"75\"\n                    style=\"max-width:100%;\"\n                \/>\n            <\/a>\n        <\/div>\n\t\t\t\t\t\t\t<\/div> \n\t\t\t\n        \n\t\t\t\t<div id=\"ngg-image-2\" class=\"ngg-gallery-thumbnail-box\" >\n\t\t\t\t        <div class=\"ngg-gallery-thumbnail\">\n            <a href=\"http:\/\/www.ambrra.cz\/wp-content\/gallery\/aeneas-konec-dubna\/img_8422.jpg\"\n               title=\"\"\n               data-src=\"http:\/\/www.ambrra.cz\/wp-content\/gallery\/aeneas-konec-dubna\/img_8422.jpg\"\n               data-thumbnail=\"http:\/\/www.ambrra.cz\/wp-content\/gallery\/aeneas-konec-dubna\/thumbs\/thumbs_img_8422.jpg\"\n               data-image-id=\"107\"\n               data-title=\"img_8422.jpg\"\n               data-description=\"\"\n               data-image-slug=\"img_8422-jpg\"\n               class=\"ngg-simplelightbox\" rel=\"34c6beac452b384e1efc12cd888c1413\">\n                <img\n                    title=\"img_8422.jpg\"\n                    alt=\"img_8422.jpg\"\n                    src=\"http:\/\/www.ambrra.cz\/wp-content\/gallery\/aeneas-konec-dubna\/thumbs\/thumbs_img_8422.jpg\"\n                    width=\"100\"\n                    height=\"75\"\n                    style=\"max-width:100%;\"\n                \/>\n            <\/a>\n        <\/div>\n\t\t\t\t\t\t\t<\/div> \n\t\t\t\n        \n\t\t\t\t<div id=\"ngg-image-3\" class=\"ngg-gallery-thumbnail-box\" >\n\t\t\t\t        <div class=\"ngg-gallery-thumbnail\">\n            <a href=\"http:\/\/www.ambrra.cz\/wp-content\/gallery\/aeneas-konec-dubna\/img_8448.jpg\"\n               title=\"\"\n               data-src=\"http:\/\/www.ambrra.cz\/wp-content\/gallery\/aeneas-konec-dubna\/img_8448.jpg\"\n               data-thumbnail=\"http:\/\/www.ambrra.cz\/wp-content\/gallery\/aeneas-konec-dubna\/thumbs\/thumbs_img_8448.jpg\"\n               data-image-id=\"108\"\n               data-title=\"img_8448.jpg\"\n               data-description=\"\"\n               data-image-slug=\"img_8448-jpg\"\n               class=\"ngg-simplelightbox\" rel=\"34c6beac452b384e1efc12cd888c1413\">\n                <img\n                    title=\"img_8448.jpg\"\n                    alt=\"img_8448.jpg\"\n                    src=\"http:\/\/www.ambrra.cz\/wp-content\/gallery\/aeneas-konec-dubna\/thumbs\/thumbs_img_8448.jpg\"\n                    width=\"100\"\n                    height=\"75\"\n                    style=\"max-width:100%;\"\n                \/>\n            <\/a>\n        <\/div>\n\t\t\t\t\t\t\t<\/div> \n\t\t\t\n        \n\t\t\t\t<div id=\"ngg-image-4\" class=\"ngg-gallery-thumbnail-box\" >\n\t\t\t\t        <div class=\"ngg-gallery-thumbnail\">\n            <a href=\"http:\/\/www.ambrra.cz\/wp-content\/gallery\/aeneas-konec-dubna\/img_8471.jpg\"\n               title=\"\"\n               data-src=\"http:\/\/www.ambrra.cz\/wp-content\/gallery\/aeneas-konec-dubna\/img_8471.jpg\"\n               data-thumbnail=\"http:\/\/www.ambrra.cz\/wp-content\/gallery\/aeneas-konec-dubna\/thumbs\/thumbs_img_8471.jpg\"\n               data-image-id=\"109\"\n               data-title=\"img_8471.jpg\"\n               data-description=\"\"\n               data-image-slug=\"img_8471-jpg\"\n               class=\"ngg-simplelightbox\" rel=\"34c6beac452b384e1efc12cd888c1413\">\n                <img\n                    title=\"img_8471.jpg\"\n                    alt=\"img_8471.jpg\"\n                    src=\"http:\/\/www.ambrra.cz\/wp-content\/gallery\/aeneas-konec-dubna\/thumbs\/thumbs_img_8471.jpg\"\n                    width=\"100\"\n                    height=\"75\"\n                    style=\"max-width:100%;\"\n                \/>\n            <\/a>\n        <\/div>\n\t\t\t\t\t\t\t<\/div> \n\t\t\t\n        \n\t\t\n\t\t<!-- Pagination -->\n\t<div class='ngg-clear'><\/div>\t<\/div>\n<\/strong><\/p>\n<p><strong>Aki<\/strong><\/p>\n<p><strong><!-- index.php -->\n<div\n\tclass=\"ngg-galleryoverview ngg-ajax-pagination-none\"\n\tid=\"ngg-gallery-45ddd0bc2ae0f3859d6070aff04188ad-1\">\n\n    \t<div class=\"slideshowlink\">\n        <a href='http:\/\/www.ambrra.cz\/index.php\/nggallery\/slideshow?page_id=267'>[Show as slideshow]<\/a>\n\t\t\n\t<\/div>\n\t\t\t<!-- Thumbnails -->\n\t\t\t\t<div id=\"ngg-image-0\" class=\"ngg-gallery-thumbnail-box\" >\n\t\t\t\t        <div class=\"ngg-gallery-thumbnail\">\n            <a href=\"http:\/\/www.ambrra.cz\/wp-content\/gallery\/aki-konec-dubna\/img_8457.jpg\"\n               title=\"\"\n               data-src=\"http:\/\/www.ambrra.cz\/wp-content\/gallery\/aki-konec-dubna\/img_8457.jpg\"\n               data-thumbnail=\"http:\/\/www.ambrra.cz\/wp-content\/gallery\/aki-konec-dubna\/thumbs\/thumbs_img_8457.jpg\"\n               data-image-id=\"110\"\n               data-title=\"img_8457.jpg\"\n               data-description=\"\"\n               data-image-slug=\"img_8457-jpg\"\n               class=\"ngg-simplelightbox\" rel=\"45ddd0bc2ae0f3859d6070aff04188ad\">\n                <img\n                    title=\"img_8457.jpg\"\n                    alt=\"img_8457.jpg\"\n                    src=\"http:\/\/www.ambrra.cz\/wp-content\/gallery\/aki-konec-dubna\/thumbs\/thumbs_img_8457.jpg\"\n                    width=\"100\"\n                    height=\"75\"\n                    style=\"max-width:100%;\"\n                \/>\n            <\/a>\n        <\/div>\n\t\t\t\t\t\t\t<\/div> \n\t\t\t\n        \n\t\t\t\t<div id=\"ngg-image-1\" class=\"ngg-gallery-thumbnail-box\" >\n\t\t\t\t        <div class=\"ngg-gallery-thumbnail\">\n            <a href=\"http:\/\/www.ambrra.cz\/wp-content\/gallery\/aki-konec-dubna\/img_8461.jpg\"\n               title=\"\"\n               data-src=\"http:\/\/www.ambrra.cz\/wp-content\/gallery\/aki-konec-dubna\/img_8461.jpg\"\n               data-thumbnail=\"http:\/\/www.ambrra.cz\/wp-content\/gallery\/aki-konec-dubna\/thumbs\/thumbs_img_8461.jpg\"\n               data-image-id=\"111\"\n               data-title=\"img_8461.jpg\"\n               data-description=\"\"\n               data-image-slug=\"img_8461-jpg\"\n               class=\"ngg-simplelightbox\" rel=\"45ddd0bc2ae0f3859d6070aff04188ad\">\n                <img\n                    title=\"img_8461.jpg\"\n                    alt=\"img_8461.jpg\"\n                    src=\"http:\/\/www.ambrra.cz\/wp-content\/gallery\/aki-konec-dubna\/thumbs\/thumbs_img_8461.jpg\"\n                    width=\"100\"\n                    height=\"75\"\n                    style=\"max-width:100%;\"\n                \/>\n            <\/a>\n        <\/div>\n\t\t\t\t\t\t\t<\/div> \n\t\t\t\n        \n\t\t\t\t<div id=\"ngg-image-2\" class=\"ngg-gallery-thumbnail-box\" >\n\t\t\t\t        <div class=\"ngg-gallery-thumbnail\">\n            <a href=\"http:\/\/www.ambrra.cz\/wp-content\/gallery\/aki-konec-dubna\/img_8464.jpg\"\n               title=\"\"\n               data-src=\"http:\/\/www.ambrra.cz\/wp-content\/gallery\/aki-konec-dubna\/img_8464.jpg\"\n               data-thumbnail=\"http:\/\/www.ambrra.cz\/wp-content\/gallery\/aki-konec-dubna\/thumbs\/thumbs_img_8464.jpg\"\n               data-image-id=\"112\"\n               data-title=\"img_8464.jpg\"\n               data-description=\"\"\n               data-image-slug=\"img_8464-jpg\"\n               class=\"ngg-simplelightbox\" rel=\"45ddd0bc2ae0f3859d6070aff04188ad\">\n                <img\n                    title=\"img_8464.jpg\"\n                    alt=\"img_8464.jpg\"\n                    src=\"http:\/\/www.ambrra.cz\/wp-content\/gallery\/aki-konec-dubna\/thumbs\/thumbs_img_8464.jpg\"\n                    width=\"100\"\n                    height=\"75\"\n                    style=\"max-width:100%;\"\n                \/>\n            <\/a>\n        <\/div>\n\t\t\t\t\t\t\t<\/div> \n\t\t\t\n        \n\t\t\t\t<div id=\"ngg-image-3\" class=\"ngg-gallery-thumbnail-box\" >\n\t\t\t\t        <div class=\"ngg-gallery-thumbnail\">\n            <a href=\"http:\/\/www.ambrra.cz\/wp-content\/gallery\/aki-konec-dubna\/img_8513.jpg\"\n               title=\"\"\n               data-src=\"http:\/\/www.ambrra.cz\/wp-content\/gallery\/aki-konec-dubna\/img_8513.jpg\"\n               data-thumbnail=\"http:\/\/www.ambrra.cz\/wp-content\/gallery\/aki-konec-dubna\/thumbs\/thumbs_img_8513.jpg\"\n               data-image-id=\"113\"\n               data-title=\"img_8513.jpg\"\n               data-description=\"\"\n               data-image-slug=\"img_8513-jpg\"\n               class=\"ngg-simplelightbox\" rel=\"45ddd0bc2ae0f3859d6070aff04188ad\">\n                <img\n                    title=\"img_8513.jpg\"\n                    alt=\"img_8513.jpg\"\n                    src=\"http:\/\/www.ambrra.cz\/wp-content\/gallery\/aki-konec-dubna\/thumbs\/thumbs_img_8513.jpg\"\n                    width=\"100\"\n                    height=\"75\"\n                    style=\"max-width:100%;\"\n                \/>\n            <\/a>\n        <\/div>\n\t\t\t\t\t\t\t<\/div> \n\t\t\t\n        \n\t\t\t\t<div id=\"ngg-image-4\" class=\"ngg-gallery-thumbnail-box\" >\n\t\t\t\t        <div class=\"ngg-gallery-thumbnail\">\n            <a href=\"http:\/\/www.ambrra.cz\/wp-content\/gallery\/aki-konec-dubna\/img_8535.jpg\"\n               title=\"\"\n               data-src=\"http:\/\/www.ambrra.cz\/wp-content\/gallery\/aki-konec-dubna\/img_8535.jpg\"\n               data-thumbnail=\"http:\/\/www.ambrra.cz\/wp-content\/gallery\/aki-konec-dubna\/thumbs\/thumbs_img_8535.jpg\"\n               data-image-id=\"114\"\n               data-title=\"img_8535.jpg\"\n               data-description=\"\"\n               data-image-slug=\"img_8535-jpg\"\n               class=\"ngg-simplelightbox\" rel=\"45ddd0bc2ae0f3859d6070aff04188ad\">\n                <img\n                    title=\"img_8535.jpg\"\n                    alt=\"img_8535.jpg\"\n                    src=\"http:\/\/www.ambrra.cz\/wp-content\/gallery\/aki-konec-dubna\/thumbs\/thumbs_img_8535.jpg\"\n                    width=\"100\"\n                    height=\"75\"\n                    style=\"max-width:100%;\"\n                \/>\n            <\/a>\n        <\/div>\n\t\t\t\t\t\t\t<\/div> \n\t\t\t\n        \n\t\t\n\t\t<!-- Pagination -->\n\t<div class='ngg-clear'><\/div>\t<\/div>\n<br \/>\n<\/strong><\/p>\n","protected":false},"excerpt":{"rendered":"<p>V\u0161ichni u\u017e maj\u00ed p\u00e1n\u00ed\u010dky. Te\u010f m\u00e1me zase jen Ambrru \ud83d\ude42 Dal\u0161\u00ed vrh prozat\u00edm nepl\u00e1nujeme. Aeneas Aki<\/p>\n","protected":false},"author":1,"featured_media":0,"parent":0,"menu_order":1,"comment_status":"open","ping_status":"open","template":"","meta":{"ngg_post_thumbnail":0},"_links":{"self":[{"href":"http:\/\/www.ambrra.cz\/index.php?rest_route=\/wp\/v2\/pages\/267"}],"collection":[{"href":"http:\/\/www.ambrra.cz\/index.php?rest_route=\/wp\/v2\/pages"}],"about":[{"href":"http:\/\/www.ambrra.cz\/index.php?rest_route=\/wp\/v2\/types\/page"}],"author":[{"embeddable":true,"href":"http:\/\/www.ambrra.cz\/index.php?rest_route=\/wp\/v2\/users\/1"}],"replies":[{"embeddable":true,"href":"http:\/\/www.ambrra.cz\/index.php?rest_route=%2Fwp%2Fv2%2Fcomments&post=267"}],"version-history":[{"count":6,"href":"http:\/\/www.ambrra.cz\/index.php?rest_route=\/wp\/v2\/pages\/267\/revisions"}],"predecessor-version":[{"id":273,"href":"http:\/\/www.ambrra.cz\/index.php?rest_route=\/wp\/v2\/pages\/267\/revisions\/273"}],"wp:attachment":[{"href":"http:\/\/www.ambrra.cz\/index.php?rest_route=%2Fwp%2Fv2%2Fmedia&parent=267"}],"curies":[{"name":"wp","href":"https:\/\/api.w.org\/{rel}","templated":true}]}}